{"id":16,"date":"2020-09-03T08:05:20","date_gmt":"2020-09-03T08:05:20","guid":{"rendered":"http:\/\/phanarlegal.com\/?page_id=16"},"modified":"2020-10-21T13:19:41","modified_gmt":"2020-10-21T13:19:41","slug":"our-services","status":"publish","type":"page","link":"https:\/\/phanarlegal.com\/hu\/our-services\/","title":{"rendered":"SZOLG\u00c1LTAT\u00c1SAINK"},"content":{"rendered":"<h4>\u00c1rak<\/h4>\r\n<p>A Phanar \u00fcgyv\u00e9djei nem \u00f3rad\u00edjas elsz\u00e1mol\u00e1s szerint dolgoznak. A n\u00e1lunk alkalmazott \u00e1rk\u00e9pz\u00e9si modell egyszer\u0171 \u00e9s \u00e1tl\u00e1that\u00f3, havi fix\u00e1ras megb\u00edz\u00e1si csomagokra \u00e9p\u00fcl. Mindez az \u00fcgyfeleknek a kisz\u00e1m\u00edthat\u00f3bb k\u00f6lts\u00e9gtervez\u00e9s lehet\u0151s\u00e9g\u00e9t biztos\u00edtja, sz\u00e1munkra pedig lehet\u0151v\u00e9 teszi, hogy p\u00e9nz\u00fcgyi elk\u00e9pzel\u00e9seinket magunk alak\u00edthassuk \u00e9s ez\u00e1ltal racionaliz\u00e1lhassuk az iroda fenntart\u00e1s\u00e1val j\u00e1r\u00f3 m\u0171k\u00f6d\u00e9si k\u00f6lts\u00e9geket, illetve adminisztrat\u00edv terheket.<\/p>\r\n<p>A piacon rendk\u00edv\u00fcl versenyk\u00e9pesnek sz\u00e1m\u00edt\u00f3 k\u00f6t\u00f6tt \u00e1ras modell\u00fcnket \u00fagy tudjuk biztos\u00edtani \u00fcgyfeleink sz\u00e1m\u00e1ra, hogy mi, a Phanarn\u00e1l a versenyt\u00e1rsainkt\u00f3l elt\u00e9r\u0151en a munkad\u00edjba nem \u00e9p\u00edtj\u00fck be az alkalmazott \u00fcgyv\u00e9dek \u00f3rasz\u00e1m\u00e1hoz kapcsol\u00f3d\u00f3 fix k\u00f6lts\u00e9geket, emellett nem tartunk fenn k\u00f6lts\u00e9ges infrastrukt\u00far\u00e1t \u2013 \u00edgy p\u00e9ld\u00e1ul back office-szal sem rendelkez\u00fcnk. \u00dcgyfeleink ig\u00e9nyeit term\u00e9szetesen a nagyobb tranzakci\u00f3k sor\u00e1n is ki tudjuk el\u00e9g\u00edteni. Ezt oly m\u00f3don tessz\u00fck, hogy a Phanar-\u00f6kosziszt\u00e9ma r\u00e9sz\u00e9t k\u00e9pez\u0151, a mi\u00e9nkkel megegyez\u0151 min\u0151s\u00e9gi \u00e9s \u00e1raz\u00e1si sztenderdeket k\u00f6vet\u0151 jogi szolg\u00e1ltat\u00f3knak szervezz\u00fck ki az apr\u00f3l\u00e9kos, jelent\u0151s hum\u00e1ner\u0151forr\u00e1s-ig\u00e9ny\u0171 tev\u00e9kenys\u00e9geket, \u00edgy t\u00f6bbek k\u00f6z\u00f6tt a v\u00e1llalati \u00fcgyletekn\u00e9l jellemz\u0151 \u00e1tvil\u00e1g\u00edt\u00e1si, k\u00f6zz\u00e9t\u00e9teli, hiteles\u00edt\u00e9si \u00e9s azonos\u00edt\u00e1si feladatokat, illetve p\u00e9nz\u00fcgyi meg\u00e1llapod\u00e1sok eset\u00e9n az el\u0151felt\u00e9telek monitoringj\u00e1t.<\/p>","protected":false},"excerpt":{"rendered":"\u00c1rak A Phanar \u00fcgyv\u00e9djei nem \u00f3rad\u00edjas elsz\u00e1mol\u00e1s szerint dolgoznak. A n\u00e1lunk alkalmazott \u00e1rk\u00e9pz\u00e9si modell egyszer\u0171 \u00e9s \u00e1tl\u00e1that\u00f3, havi fix\u00e1ras megb\u00edz\u00e1si csomagokra \u00e9p\u00fcl. Mindez az \u00fcgyfeleknek a kisz\u00e1m\u00edthat\u00f3bb k\u00f6lts\u00e9gtervez\u00e9s lehet\u0151s\u00e9g\u00e9t biztos\u00edtja, sz\u00e1munkra pedig lehet\u0151v\u00e9 teszi, hogy p\u00e9nz\u00fcgyi elk\u00e9pzel\u00e9seinket magunk alak\u00edthassuk \u00e9s ez\u00e1ltal racionaliz\u00e1lhassuk az iroda fenntart\u00e1s\u00e1val j\u00e1r\u00f3 m\u0171k\u00f6d\u00e9si k\u00f6lts\u00e9geket, illetve adminisztrat\u00edv terheket. A piacon rendk\u00edv\u00fcl versenyk\u00e9pesnek [&hellip;]","protected":false},"author":1,"featured_media":32,"parent":0,"menu_order":4,"comment_status":"closed","ping_status":"closed","template":"services_tmpl.php","meta":[],"yoast_head":"<!-- This site is optimized with the Yoast SEO plugin v14.9 - https:\/\/yoast.com\/wordpress\/plugins\/seo\/ -->\n<title>SZOLG\u00c1LTAT\u00c1SAINK - phanar<\/title>\n<meta name=\"robots\" content=\"index, follow, max-snippet:-1, max-image-preview:large, max-video-preview:-1\" \/>\n<link rel=\"canonical\" href=\"http:\/\/phanarlegal.com\/our-services\/\" \/>\n<meta property=\"og:locale\" content=\"en_US\" \/>\n<meta property=\"og:type\" content=\"article\" \/>\n<meta property=\"og:title\" content=\"SZOLG\u00c1LTAT\u00c1SAINK\" \/>\n<meta property=\"og:description\" content=\"\u00c1rak A Phanar \u00fcgyv\u00e9djei nem \u00f3rad\u00edjas elsz\u00e1mol\u00e1s szerint dolgoznak. A n\u00e1lunk alkalmazott \u00e1rk\u00e9pz\u00e9si modell egyszer\u0171 \u00e9s \u00e1tl\u00e1that\u00f3, havi fix\u00e1ras megb\u00edz\u00e1si csomagokra \u00e9p\u00fcl. Mindez az \u00fcgyfeleknek a kisz\u00e1m\u00edthat\u00f3bb k\u00f6lts\u00e9gtervez\u00e9s lehet\u0151s\u00e9g\u00e9t biztos\u00edtja, sz\u00e1munkra pedig lehet\u0151v\u00e9 teszi, hogy p\u00e9nz\u00fcgyi elk\u00e9pzel\u00e9seinket magunk alak\u00edthassuk \u00e9s ez\u00e1ltal racionaliz\u00e1lhassuk az iroda fenntart\u00e1s\u00e1val j\u00e1r\u00f3 m\u0171k\u00f6d\u00e9si k\u00f6lts\u00e9geket, illetve adminisztrat\u00edv terheket. A piacon rendk\u00edv\u00fcl versenyk\u00e9pesnek [&hellip;]\" \/>\n<meta property=\"og:url\" content=\"http:\/\/phanarlegal.com\/our-services\/\" \/>\n<meta property=\"og:site_name\" content=\"phanar\" \/>\n<meta property=\"article:modified_time\" content=\"2020-10-21T13:19:41+00:00\" \/>\n<meta property=\"og:image\" content=\"https:\/\/phanarlegal.com\/wp-content\/uploads\/2020\/09\/ban_services.png\" \/>\n\t<meta property=\"og:image:width\" content=\"1920\" \/>\n\t<meta property=\"og:image:height\" content=\"568\" \/>\n<meta name=\"twitter:card\" content=\"summary_large_image\" \/>\n<script type=\"application\/ld+json\" class=\"yoast-schema-graph\">{\"@context\":\"https:\/\/schema.org\",\"@graph\":[{\"@type\":\"WebSite\",\"@id\":\"https:\/\/phanarlegal.com\/hu\/#website\",\"url\":\"https:\/\/phanarlegal.com\/hu\/\",\"name\":\"phanar\",\"description\":\"\",\"potentialAction\":[{\"@type\":\"SearchAction\",\"target\":\"https:\/\/phanarlegal.com\/hu\/?s={search_term_string}\",\"query-input\":\"required name=search_term_string\"}],\"inLanguage\":\"HU\"},{\"@type\":\"ImageObject\",\"@id\":\"http:\/\/phanarlegal.com\/our-services\/#primaryimage\",\"inLanguage\":\"HU\",\"url\":\"https:\/\/phanarlegal.com\/wp-content\/uploads\/2020\/09\/ban_services.png\",\"width\":1920,\"height\":568},{\"@type\":\"WebPage\",\"@id\":\"http:\/\/phanarlegal.com\/our-services\/#webpage\",\"url\":\"http:\/\/phanarlegal.com\/our-services\/\",\"name\":\"[:en]Our Services[:fr]NOS SERVICES[:de]UNSERE DIENSTLEISTUNGEN[:hu]SZOLG\\u00c1LTAT\\u00c1SAINK[:mn]\\u041c\\u0410\\u041d\\u0410\\u0419 \\u04ae\\u0419\\u041b\\u0427\\u0418\\u041b\\u0413\\u042d\\u042d[:ru]\\u041d\\u0410\\u0428\\u0418 \\u0423\\u0421\\u041b\\u0423\\u0413\\u0418[:] - phanar\",\"isPartOf\":{\"@id\":\"https:\/\/phanarlegal.com\/hu\/#website\"},\"primaryImageOfPage\":{\"@id\":\"http:\/\/phanarlegal.com\/our-services\/#primaryimage\"},\"datePublished\":\"2020-09-03T08:05:20+00:00\",\"dateModified\":\"2020-10-21T13:19:41+00:00\",\"inLanguage\":\"HU\",\"potentialAction\":[{\"@type\":\"ReadAction\",\"target\":[\"http:\/\/phanarlegal.com\/our-services\/\"]}]}]}<\/script>\n<!-- \/ Yoast SEO plugin. -->","_links":{"self":[{"href":"https:\/\/phanarlegal.com\/hu\/wp-json\/wp\/v2\/pages\/16"}],"collection":[{"href":"https:\/\/phanarlegal.com\/hu\/wp-json\/wp\/v2\/pages"}],"about":[{"href":"https:\/\/phanarlegal.com\/hu\/wp-json\/wp\/v2\/types\/page"}],"author":[{"embeddable":true,"href":"https:\/\/phanarlegal.com\/hu\/wp-json\/wp\/v2\/users\/1"}],"replies":[{"embeddable":true,"href":"https:\/\/phanarlegal.com\/hu\/wp-json\/wp\/v2\/comments?post=16"}],"version-history":[{"count":20,"href":"https:\/\/phanarlegal.com\/hu\/wp-json\/wp\/v2\/pages\/16\/revisions"}],"predecessor-version":[{"id":408,"href":"https:\/\/phanarlegal.com\/hu\/wp-json\/wp\/v2\/pages\/16\/revisions\/408"}],"wp:featuredmedia":[{"embeddable":true,"href":"https:\/\/phanarlegal.com\/hu\/wp-json\/wp\/v2\/media\/32"}],"wp:attachment":[{"href":"https:\/\/phanarlegal.com\/hu\/wp-json\/wp\/v2\/media?parent=16"}],"curies":[{"name":"wp","href":"https:\/\/api.w.org\/{rel}","templated":true}]}}