{"id":10,"date":"2020-09-03T08:03:56","date_gmt":"2020-09-03T08:03:56","guid":{"rendered":"http:\/\/phanarlegal.com\/?page_id=10"},"modified":"2020-09-15T11:32:18","modified_gmt":"2020-09-15T11:32:18","slug":"about-us","status":"publish","type":"page","link":"https:\/\/phanarlegal.com\/hu\/about-us\/","title":{"rendered":"Irod\u00e1nk"},"content":{"rendered":"<h2>A Phanar n\u00e9v eredete<\/h2>\r\n<p>A Phanar n\u00e9v a g\u00f6r\u00f6g \u03a6\u03b1\u03bd\u03ac\u03c1\u03b9 sz\u00f3b\u00f3l ered, amelynek jelent\u00e9se \u201el\u00e1mp\u00e1s&#8221;, \u201ef\u00e9ny&#8221;, illetve \u201ef\u00e1klya&#8221;. A kifejez\u00e9s megfelel\u0151je a nagyorosz \u00e9s keletiszl\u00e1v nyelvekben \u0444\u043e\u043d\u0430\u0440\u044c (kiejt\u00e9se: fon&#8217;arj), ami szint\u00e9n a \u201ef\u00e1klya&#8221; vagy \u201el\u00e1mp\u00e1s&#8221; jelent\u00e9st hordozza.<\/p>\r\n<h4>Irod\u00e1nk<\/h4>\r\n<p>A Phanar egy \u00fatt\u00f6r\u0151, a tulajdonosi szeml\u00e9let alapjaira \u00e9p\u00fcl\u0151 \u00fcgyv\u00e9di iroda, amely a kiemelked\u0151 sz\u00ednvonal\u00fa jogi szolg\u00e1ltat\u00e1sok \u00e9s a k\u00f6lts\u00e9gtudatos m\u0171k\u00f6d\u00e9s \u00f6tv\u00f6z\u00e9s\u00e9vel \u00faj trendet alap\u00edtott. Kor\u00e1bbi tev\u00e9kenys\u00e9g\u00fcnk sor\u00e1n felismert\u00fck, hogy a szakm\u00e1ban \u00e1ltal\u00e1nosan alkalmazott, \u00f3rad\u00edj-alap\u00fa elsz\u00e1mol\u00e1s sem a hat\u00e9konys\u00e1gra, sem a min\u0151s\u00e9gre nincs kedvez\u0151 hat\u00e1ssal.<\/p>\r\n<p>\u00dcgyfeleink k\u00f6z\u00e9 olyan c\u00e9gek tartoznak, amelyek jog\u00fcgyleteik sor\u00e1n a londoni Cityben \u00e9s a vil\u00e1g egy\u00e9b fontos nemzetk\u00f6zi p\u00e9nz\u00fcgyi k\u00f6zpontjaiban m\u0171k\u00f6d\u0151 \u00fcgyv\u00e9di irod\u00e1kt\u00f3l megszokott magasfok\u00fa szak\u00e9rtelmet v\u00e1rj\u00e1k el t\u0151l\u00fcnk \u2013 ugyanakkor a kisz\u00e1m\u00edthat\u00f3 \u00e9s versenyk\u00e9pes \u00e1r is k\u00f6vetelm\u00e9ny a r\u00e9sz\u00fckr\u0151l. A fixd\u00edjas m\u00f3dszerrel nem csup\u00e1n f\u00f6l\u00f6sleges \u00e9s v\u00e1ratlan k\u00f6lts\u00e9gekt\u0151l k\u00edm\u00e9lj\u00fck meg \u00fcgyfeleinket, de az minket is fegyelmezett, tudatos munkaszervez\u00e9sre sarkall, \u00edgy biztos\u00edtva szolg\u00e1ltat\u00e1saink folyamatosan magas min\u0151s\u00e9g\u00e9t.<\/p>\r\n<h4>\u00dczletpolitik\u00e1nk<\/h4>\r\n<p>\u00dcgyv\u00e9di irod\u00e1nk nem a teljesk\u00f6r\u0171 szolg\u00e1ltat\u00e1si portf\u00f3li\u00f3ra \u00e9p\u00fcl\u0151 modell szerint m\u0171k\u00f6dik, tekintve, hogy az a fix k\u00f6lts\u00e9gek n\u00f6veked\u00e9s\u00e9hez vezet \u2013 m\u00e1rpedig ezt a t\u00f6bbletet a hagyom\u00e1nyos jogi irod\u00e1k az alkalmazott \u00e1raz\u00e1si m\u00f3dt\u00f3l f\u00fcggetlen\u00fcl rendszerint \u00e1tterhelik az \u00fcgyf\u00e9lre. C\u00e9g\u00fcnk ez\u00e9rt kifejezetten a belf\u00f6ldi \u00e9s hat\u00e1rokon \u00e1tny\u00fal\u00f3 v\u00e1llalati, kereskedelmi \u00e9s p\u00e9nz\u00fcgyi tranzakci\u00f3khoz f\u0171z\u0151d\u0151 jogi munk\u00e1ra szakosodott, szolg\u00e1ltat\u00e1sait pedig mind mag\u00e1n-, mind t\u0151zsd\u00e9n jegyzett v\u00e1llalatok r\u00e9sz\u00e9re k\u00edn\u00e1lja. Minden egy\u00e9b \u00fcgyv\u00e9di tev\u00e9kenys\u00e9get \u2013 \u00edgy t\u00f6bbek k\u00f6z\u00f6tt a munkajogot, a szellemi tulajdont, az ad\u00f3jogot \u00e9s a peres k\u00e9pviseletet \u00e9rtint\u0151 feladatokat \u2013magasan k\u00e9pzett szakemberg\u00e1rd\u00e1val rendelkez\u0151 partnerirod\u00e1k vagy az adott ter\u00fcleten j\u00e1ratos egy\u00e9ni \u00fcgyv\u00e9dek l\u00e1tnak el. Partnereink a mi \u00fczleti \u00e9s \u00e1rpolitik\u00e1nkat k\u00f6vetik.<\/p>\r\n<p>Meggy\u0151z\u0151d\u00e9s\u00fcnk, hogy az az id\u0151 \u00e9s energia, amit az \u00fcgyfeleinkkel \u00e9s a partnereinkkel val\u00f3 hossz\u00fat\u00e1v\u00fa egy\u00fcttm\u0171k\u00f6d\u00e9sek kialak\u00edt\u00e1s\u00e1ba fektet\u00fcnk, mindig megt\u00e9r\u00fcl. Legyen sz\u00f3 ak\u00e1r az angol jog speci\u00e1lis ter\u00fcleteir\u0151l (pl. munkajog, tulajdonjog, szellemi tulajdon, ad\u00f3), ak\u00e1r nemzetk\u00f6zi \u00fcgyletekr\u0151l, ak\u00e1r p\u00e9nz\u00fcgyi vagy sz\u00e1mviteli jelleg\u0171 megb\u00edz\u00e1sokr\u00f3l, olyan megold\u00e1sok mellett k\u00f6telezt\u00fck el magunkat, amelyeknek seg\u00edts\u00e9g\u00e9vel megoszthatjuk \u00fcgyfeleinkkel az \u00e1tfog\u00f3 \u00fczleti kapcsolatrendszer\u00fcnk biztos\u00edtotta el\u0151ny\u00f6ket.<\/p>","protected":false},"excerpt":{"rendered":"A Phanar n\u00e9v eredete A Phanar n\u00e9v a g\u00f6r\u00f6g \u03a6\u03b1\u03bd\u03ac\u03c1\u03b9 sz\u00f3b\u00f3l ered, amelynek jelent\u00e9se \u201el\u00e1mp\u00e1s&#8221;, \u201ef\u00e9ny&#8221;, illetve \u201ef\u00e1klya&#8221;. A kifejez\u00e9s megfelel\u0151je a nagyorosz \u00e9s keletiszl\u00e1v nyelvekben \u0444\u043e\u043d\u0430\u0440\u044c (kiejt\u00e9se: fon&#8217;arj), ami szint\u00e9n a \u201ef\u00e1klya&#8221; vagy \u201el\u00e1mp\u00e1s&#8221; jelent\u00e9st hordozza. Irod\u00e1nk A Phanar egy \u00fatt\u00f6r\u0151, a tulajdonosi szeml\u00e9let alapjaira \u00e9p\u00fcl\u0151 \u00fcgyv\u00e9di iroda, amely a kiemelked\u0151 sz\u00ednvonal\u00fa jogi szolg\u00e1ltat\u00e1sok [&hellip;]","protected":false},"author":1,"featured_media":28,"parent":0,"menu_order":2,"comment_status":"closed","ping_status":"closed","template":"aboutus_tmpl.php","meta":[],"yoast_head":"<!-- This site is optimized with the Yoast SEO plugin v14.9 - https:\/\/yoast.com\/wordpress\/plugins\/seo\/ -->\n<title>Irod\u00e1nk - phanar<\/title>\n<meta name=\"robots\" content=\"index, follow, max-snippet:-1, max-image-preview:large, max-video-preview:-1\" \/>\n<link rel=\"canonical\" href=\"http:\/\/phanarlegal.com\/about-us\/\" \/>\n<meta property=\"og:locale\" content=\"en_US\" \/>\n<meta property=\"og:type\" content=\"article\" \/>\n<meta property=\"og:title\" content=\"Irod\u00e1nk\" \/>\n<meta property=\"og:description\" content=\"A Phanar n\u00e9v eredete A Phanar n\u00e9v a g\u00f6r\u00f6g \u03a6\u03b1\u03bd\u03ac\u03c1\u03b9 sz\u00f3b\u00f3l ered, amelynek jelent\u00e9se \u201el\u00e1mp\u00e1s&#8221;, \u201ef\u00e9ny&#8221;, illetve \u201ef\u00e1klya&#8221;. A kifejez\u00e9s megfelel\u0151je a nagyorosz \u00e9s keletiszl\u00e1v nyelvekben \u0444\u043e\u043d\u0430\u0440\u044c (kiejt\u00e9se: fon&#8217;arj), ami szint\u00e9n a \u201ef\u00e1klya&#8221; vagy \u201el\u00e1mp\u00e1s&#8221; jelent\u00e9st hordozza. Irod\u00e1nk A Phanar egy \u00fatt\u00f6r\u0151, a tulajdonosi szeml\u00e9let alapjaira \u00e9p\u00fcl\u0151 \u00fcgyv\u00e9di iroda, amely a kiemelked\u0151 sz\u00ednvonal\u00fa jogi szolg\u00e1ltat\u00e1sok [&hellip;]\" \/>\n<meta property=\"og:url\" content=\"http:\/\/phanarlegal.com\/about-us\/\" \/>\n<meta property=\"og:site_name\" content=\"phanar\" \/>\n<meta property=\"article:modified_time\" content=\"2020-09-15T11:32:18+00:00\" \/>\n<meta property=\"og:image\" content=\"https:\/\/phanarlegal.com\/wp-content\/uploads\/2020\/09\/ban_about.png\" \/>\n\t<meta property=\"og:image:width\" content=\"1920\" \/>\n\t<meta property=\"og:image:height\" content=\"568\" \/>\n<meta name=\"twitter:card\" content=\"summary_large_image\" \/>\n<script type=\"application\/ld+json\" class=\"yoast-schema-graph\">{\"@context\":\"https:\/\/schema.org\",\"@graph\":[{\"@type\":\"WebSite\",\"@id\":\"https:\/\/phanarlegal.com\/hu\/#website\",\"url\":\"https:\/\/phanarlegal.com\/hu\/\",\"name\":\"phanar\",\"description\":\"\",\"potentialAction\":[{\"@type\":\"SearchAction\",\"target\":\"https:\/\/phanarlegal.com\/hu\/?s={search_term_string}\",\"query-input\":\"required name=search_term_string\"}],\"inLanguage\":\"HU\"},{\"@type\":\"ImageObject\",\"@id\":\"http:\/\/phanarlegal.com\/about-us\/#primaryimage\",\"inLanguage\":\"HU\",\"url\":\"https:\/\/phanarlegal.com\/wp-content\/uploads\/2020\/09\/ban_about.png\",\"width\":1920,\"height\":568},{\"@type\":\"WebPage\",\"@id\":\"http:\/\/phanarlegal.com\/about-us\/#webpage\",\"url\":\"http:\/\/phanarlegal.com\/about-us\/\",\"name\":\"[:en]About Us[:fr]A PROPOS DE PHANAR[:de]\\u00dcber uns[:hu]Irod\\u00e1nk[:mn]\\u0411\\u0438\\u0434\\u043d\\u0438\\u0439 \\u0442\\u0443\\u0445\\u0430\\u0439[:ru]\\u041e \\u043d\\u0430\\u0441[:] - phanar\",\"isPartOf\":{\"@id\":\"https:\/\/phanarlegal.com\/hu\/#website\"},\"primaryImageOfPage\":{\"@id\":\"http:\/\/phanarlegal.com\/about-us\/#primaryimage\"},\"datePublished\":\"2020-09-03T08:03:56+00:00\",\"dateModified\":\"2020-09-15T11:32:18+00:00\",\"inLanguage\":\"HU\",\"potentialAction\":[{\"@type\":\"ReadAction\",\"target\":[\"http:\/\/phanarlegal.com\/about-us\/\"]}]}]}<\/script>\n<!-- \/ Yoast SEO plugin. -->","_links":{"self":[{"href":"https:\/\/phanarlegal.com\/hu\/wp-json\/wp\/v2\/pages\/10"}],"collection":[{"href":"https:\/\/phanarlegal.com\/hu\/wp-json\/wp\/v2\/pages"}],"about":[{"href":"https:\/\/phanarlegal.com\/hu\/wp-json\/wp\/v2\/types\/page"}],"author":[{"embeddable":true,"href":"https:\/\/phanarlegal.com\/hu\/wp-json\/wp\/v2\/users\/1"}],"replies":[{"embeddable":true,"href":"https:\/\/phanarlegal.com\/hu\/wp-json\/wp\/v2\/comments?post=10"}],"version-history":[{"count":12,"href":"https:\/\/phanarlegal.com\/hu\/wp-json\/wp\/v2\/pages\/10\/revisions"}],"predecessor-version":[{"id":185,"href":"https:\/\/phanarlegal.com\/hu\/wp-json\/wp\/v2\/pages\/10\/revisions\/185"}],"wp:featuredmedia":[{"embeddable":true,"href":"https:\/\/phanarlegal.com\/hu\/wp-json\/wp\/v2\/media\/28"}],"wp:attachment":[{"href":"https:\/\/phanarlegal.com\/hu\/wp-json\/wp\/v2\/media?parent=10"}],"curies":[{"name":"wp","href":"https:\/\/api.w.org\/{rel}","templated":true}]}}