{"id":16,"date":"2020-09-03T08:05:20","date_gmt":"2020-09-03T08:05:20","guid":{"rendered":"http:\/\/phanarlegal.com\/?page_id=16"},"modified":"2020-10-21T13:19:41","modified_gmt":"2020-10-21T13:19:41","slug":"our-services","status":"publish","type":"page","link":"https:\/\/phanarlegal.com\/fr\/our-services\/","title":{"rendered":"NOS SERVICES"},"content":{"rendered":"<h4>Nos frais<\/h4>\r\n<p>Les avocats de Phanar n&#8217;ont pas de tarification horaire (m\u00eame th\u00e9oriquement parlant) car le mod\u00e8le de tarification de Phanar est bas\u00e9 sur un prix mensuel simplifi\u00e9 et fixe. Ceci offre \u00e0 nos client le b\u00e9n\u00e9fice d&#8217;un budget assur\u00e9, nous permettant dans le m\u00eame temps de g\u00e9rer nos propres cashflows et par la suite de r\u00e9duire nos prix d&#8217;ex\u00e9cution ainsi que la charge administrative. <\/p>\r\n<p>Notre mod\u00e8le de prix fixes fortement comp\u00e9titifs est possible car Phanar n&#8217;adopte pas les co\u00fbts fixes \u00e9lev\u00e9s des entreprises avec des objectifs horaires imposables et ne couvre pas les co\u00fbts \u00e9lev\u00e9s des infrastructures, des back office et des services de support de nos concurrents. Nous r\u00e9pondons aux besoins de nos clients sur les transactions plus importantes en externalisant le bulk work ou commodity work tels que la diligence raisonnable, la divulgation, la v\u00e9rification dans les affaires d&#8217;entreprise ou le suivi des conditions pr\u00e9alables dans les transactions financi\u00e8res, aux fournisseurs de haute qualit\u00e9 de faible co\u00fbt qui font partie de l&#8217;\u00e9cosyst\u00e8me Phanar.<\/p>","protected":false},"excerpt":{"rendered":"Nos frais Les avocats de Phanar n&#8217;ont pas de tarification horaire (m\u00eame th\u00e9oriquement parlant) car le mod\u00e8le de tarification de Phanar est bas\u00e9 sur un prix mensuel simplifi\u00e9 et fixe. Ceci offre \u00e0 nos client le b\u00e9n\u00e9fice d&#8217;un budget assur\u00e9, nous permettant dans le m\u00eame temps de g\u00e9rer nos propres cashflows et par la suite [&hellip;]","protected":false},"author":1,"featured_media":32,"parent":0,"menu_order":4,"comment_status":"closed","ping_status":"closed","template":"services_tmpl.php","meta":[],"yoast_head":"<!-- This site is optimized with the Yoast SEO plugin v14.9 - https:\/\/yoast.com\/wordpress\/plugins\/seo\/ -->\n<title>NOS SERVICES - phanar<\/title>\n<meta name=\"robots\" content=\"index, follow, max-snippet:-1, max-image-preview:large, max-video-preview:-1\" \/>\n<link rel=\"canonical\" href=\"http:\/\/phanarlegal.com\/our-services\/\" \/>\n<meta property=\"og:locale\" content=\"en_US\" \/>\n<meta property=\"og:type\" content=\"article\" \/>\n<meta property=\"og:title\" content=\"NOS SERVICES\" \/>\n<meta property=\"og:description\" content=\"Nos frais Les avocats de Phanar n&#8217;ont pas de tarification horaire (m\u00eame th\u00e9oriquement parlant) car le mod\u00e8le de tarification de Phanar est bas\u00e9 sur un prix mensuel simplifi\u00e9 et fixe. Ceci offre \u00e0 nos client le b\u00e9n\u00e9fice d&#8217;un budget assur\u00e9, nous permettant dans le m\u00eame temps de g\u00e9rer nos propres cashflows et par la suite [&hellip;]\" \/>\n<meta property=\"og:url\" content=\"http:\/\/phanarlegal.com\/our-services\/\" \/>\n<meta property=\"og:site_name\" content=\"phanar\" \/>\n<meta property=\"article:modified_time\" content=\"2020-10-21T13:19:41+00:00\" \/>\n<meta property=\"og:image\" content=\"https:\/\/phanarlegal.com\/wp-content\/uploads\/2020\/09\/ban_services.png\" \/>\n\t<meta property=\"og:image:width\" content=\"1920\" \/>\n\t<meta property=\"og:image:height\" content=\"568\" \/>\n<meta name=\"twitter:card\" content=\"summary_large_image\" \/>\n<script type=\"application\/ld+json\" class=\"yoast-schema-graph\">{\"@context\":\"https:\/\/schema.org\",\"@graph\":[{\"@type\":\"WebSite\",\"@id\":\"https:\/\/phanarlegal.com\/fr\/#website\",\"url\":\"https:\/\/phanarlegal.com\/fr\/\",\"name\":\"phanar\",\"description\":\"\",\"potentialAction\":[{\"@type\":\"SearchAction\",\"target\":\"https:\/\/phanarlegal.com\/fr\/?s={search_term_string}\",\"query-input\":\"required name=search_term_string\"}],\"inLanguage\":\"FR\"},{\"@type\":\"ImageObject\",\"@id\":\"http:\/\/phanarlegal.com\/our-services\/#primaryimage\",\"inLanguage\":\"FR\",\"url\":\"https:\/\/phanarlegal.com\/wp-content\/uploads\/2020\/09\/ban_services.png\",\"width\":1920,\"height\":568},{\"@type\":\"WebPage\",\"@id\":\"http:\/\/phanarlegal.com\/our-services\/#webpage\",\"url\":\"http:\/\/phanarlegal.com\/our-services\/\",\"name\":\"[:en]Our Services[:fr]NOS SERVICES[:de]UNSERE DIENSTLEISTUNGEN[:hu]SZOLG\\u00c1LTAT\\u00c1SAINK[:mn]\\u041c\\u0410\\u041d\\u0410\\u0419 \\u04ae\\u0419\\u041b\\u0427\\u0418\\u041b\\u0413\\u042d\\u042d[:ru]\\u041d\\u0410\\u0428\\u0418 \\u0423\\u0421\\u041b\\u0423\\u0413\\u0418[:] - phanar\",\"isPartOf\":{\"@id\":\"https:\/\/phanarlegal.com\/fr\/#website\"},\"primaryImageOfPage\":{\"@id\":\"http:\/\/phanarlegal.com\/our-services\/#primaryimage\"},\"datePublished\":\"2020-09-03T08:05:20+00:00\",\"dateModified\":\"2020-10-21T13:19:41+00:00\",\"inLanguage\":\"FR\",\"potentialAction\":[{\"@type\":\"ReadAction\",\"target\":[\"http:\/\/phanarlegal.com\/our-services\/\"]}]}]}<\/script>\n<!-- \/ Yoast SEO plugin. -->","_links":{"self":[{"href":"https:\/\/phanarlegal.com\/fr\/wp-json\/wp\/v2\/pages\/16"}],"collection":[{"href":"https:\/\/phanarlegal.com\/fr\/wp-json\/wp\/v2\/pages"}],"about":[{"href":"https:\/\/phanarlegal.com\/fr\/wp-json\/wp\/v2\/types\/page"}],"author":[{"embeddable":true,"href":"https:\/\/phanarlegal.com\/fr\/wp-json\/wp\/v2\/users\/1"}],"replies":[{"embeddable":true,"href":"https:\/\/phanarlegal.com\/fr\/wp-json\/wp\/v2\/comments?post=16"}],"version-history":[{"count":20,"href":"https:\/\/phanarlegal.com\/fr\/wp-json\/wp\/v2\/pages\/16\/revisions"}],"predecessor-version":[{"id":408,"href":"https:\/\/phanarlegal.com\/fr\/wp-json\/wp\/v2\/pages\/16\/revisions\/408"}],"wp:featuredmedia":[{"embeddable":true,"href":"https:\/\/phanarlegal.com\/fr\/wp-json\/wp\/v2\/media\/32"}],"wp:attachment":[{"href":"https:\/\/phanarlegal.com\/fr\/wp-json\/wp\/v2\/media?parent=16"}],"curies":[{"name":"wp","href":"https:\/\/api.w.org\/{rel}","templated":true}]}}