{"id":10,"date":"2020-09-03T08:03:56","date_gmt":"2020-09-03T08:03:56","guid":{"rendered":"http:\/\/phanarlegal.com\/?page_id=10"},"modified":"2020-09-15T11:32:18","modified_gmt":"2020-09-15T11:32:18","slug":"about-us","status":"publish","type":"page","link":"https:\/\/phanarlegal.com\/fr\/about-us\/","title":{"rendered":"A PROPOS DE PHANAR"},"content":{"rendered":"<h2>A PROPOS DU NOM PHANAR<\/h2>\r\n<p>Phanar vient du mot grec \u03a6\u03b1\u03bd\u03ac\u03c1\u03b9 qui signifie &#8220;lanterne&#8221;, &#8220;lumi\u00e8re&#8221; ou &#8220;torche&#8221;. L&#8217;\u00e9quivalent dans le russe ancien et le contemporain est \u0444\u043e\u043d\u0430\u0440\u044c (prononc\u00e9: fon&#8217;arj), l&#8217;usage le plus courant \u00e9tant \u00e9galement la torche ou la lanterne.<\/p>\r\n<h4>A PROPOS DE PHANAR<\/h4>\r\n<p>Phanar propose un nouveau type de prestation \u00e0 ses clients en introduisant un mod\u00e8le d&#8217;ex\u00e9cution moins co\u00fbteux tout en proposant un service et un partenariat de qualit\u00e9. En effet, nous sommes convaincus que la tarification par facturation horaire couramment utilis\u00e9e par les cabinets juridiques ne promeut ni la qualit\u00e9, ni l&#8217;efficacit\u00e9 attendues par les clients. <\/p>\r\n<p>Phanar garantit ainsi la m\u00eame qualit\u00e9 que celle attendue d&#8217;un grand cabinet international, mais \u00e0 des prix bien plus comp\u00e9titifs. Gr\u00e2ce \u00e0 son syst\u00e8me d&#8217;honoraires fixes, Phanar permet \u00e0 ses clients des \u00e9conomies importantes tout en garantissant des services de haute qualit\u00e9 au meilleur prix.<\/p>\r\n<h4>NOTRE MODELE D&#8217;ENTREPRISE<\/h4>\r\n<p>Le cabinet n&#8217;adh\u00e8re pas au syst\u00e8me de service complet car celui-ci augmente les co\u00fbts fixes qui se r\u00e9percutent sur le client, quel que soit le mod\u00e8le de tarification utilis\u00e9. L&#8217;entreprise se sp\u00e9cialise dans le travail domestique et commercial transfrontalier, commercial et financier pour les entreprises priv\u00e9es et cot\u00e9es. Toutes les autres sp\u00e9cialit\u00e9s, tels que l&#8217;emploi, la propri\u00e9t\u00e9, la propri\u00e9t\u00e9 intellectuelle, les taxes et les litiges, sont externalis\u00e9es dans des entreprises partenaires o\u00f9 des sp\u00e9cialistes de haute qualit\u00e9, adh\u00e9rant \u00e0 notre mod\u00e8le d&#8217;affaires \u00e0 prix fixe et faisant partie de notre \u00e9cosyst\u00e8me, les traitent.<\/p>\r\n<p>Nous sommes une entreprise ax\u00e9e sur la relation, et investissons le temps et l&#8217;effort pour d\u00e9velopper des relations \u00e0 long terme avec nos clients et autres fournisseurs. En tant que tel, nous trouvons des solutions qu&#8217;il s&#8217;agisse d&#8217;autres domaines juridiques Anglais comme l&#8217;emploi, la propri\u00e9t\u00e9, l&#8217;IP ou la taxe, de questions juridiques transfrontali\u00e8res ou encore d&#8217;autres secteurs telles que la comptabilit\u00e9 ou la finance o\u00f9 nous partageons avec nos clients notre vaste r\u00e9seau de partenaires d&#8217;entreprise et contacts.<\/p>","protected":false},"excerpt":{"rendered":"A PROPOS DU NOM PHANAR Phanar vient du mot grec \u03a6\u03b1\u03bd\u03ac\u03c1\u03b9 qui signifie &#8220;lanterne&#8221;, &#8220;lumi\u00e8re&#8221; ou &#8220;torche&#8221;. L&#8217;\u00e9quivalent dans le russe ancien et le contemporain est \u0444\u043e\u043d\u0430\u0440\u044c (prononc\u00e9: fon&#8217;arj), l&#8217;usage le plus courant \u00e9tant \u00e9galement la torche ou la lanterne. A PROPOS DE PHANAR Phanar propose un nouveau type de prestation \u00e0 ses clients en [&hellip;]","protected":false},"author":1,"featured_media":28,"parent":0,"menu_order":2,"comment_status":"closed","ping_status":"closed","template":"aboutus_tmpl.php","meta":[],"yoast_head":"<!-- This site is optimized with the Yoast SEO plugin v14.9 - https:\/\/yoast.com\/wordpress\/plugins\/seo\/ -->\n<title>A PROPOS DE PHANAR - phanar<\/title>\n<meta name=\"robots\" content=\"index, follow, max-snippet:-1, max-image-preview:large, max-video-preview:-1\" \/>\n<link rel=\"canonical\" href=\"http:\/\/phanarlegal.com\/about-us\/\" \/>\n<meta property=\"og:locale\" content=\"en_US\" \/>\n<meta property=\"og:type\" content=\"article\" \/>\n<meta property=\"og:title\" content=\"A PROPOS DE PHANAR\" \/>\n<meta property=\"og:description\" content=\"A PROPOS DU NOM PHANAR Phanar vient du mot grec \u03a6\u03b1\u03bd\u03ac\u03c1\u03b9 qui signifie &#8220;lanterne&#8221;, &#8220;lumi\u00e8re&#8221; ou &#8220;torche&#8221;. L&#8217;\u00e9quivalent dans le russe ancien et le contemporain est \u0444\u043e\u043d\u0430\u0440\u044c (prononc\u00e9: fon&#8217;arj), l&#8217;usage le plus courant \u00e9tant \u00e9galement la torche ou la lanterne. A PROPOS DE PHANAR Phanar propose un nouveau type de prestation \u00e0 ses clients en [&hellip;]\" \/>\n<meta property=\"og:url\" content=\"http:\/\/phanarlegal.com\/about-us\/\" \/>\n<meta property=\"og:site_name\" content=\"phanar\" \/>\n<meta property=\"article:modified_time\" content=\"2020-09-15T11:32:18+00:00\" \/>\n<meta property=\"og:image\" content=\"https:\/\/phanarlegal.com\/wp-content\/uploads\/2020\/09\/ban_about.png\" \/>\n\t<meta property=\"og:image:width\" content=\"1920\" \/>\n\t<meta property=\"og:image:height\" content=\"568\" \/>\n<meta name=\"twitter:card\" content=\"summary_large_image\" \/>\n<script type=\"application\/ld+json\" class=\"yoast-schema-graph\">{\"@context\":\"https:\/\/schema.org\",\"@graph\":[{\"@type\":\"WebSite\",\"@id\":\"https:\/\/phanarlegal.com\/fr\/#website\",\"url\":\"https:\/\/phanarlegal.com\/fr\/\",\"name\":\"phanar\",\"description\":\"\",\"potentialAction\":[{\"@type\":\"SearchAction\",\"target\":\"https:\/\/phanarlegal.com\/fr\/?s={search_term_string}\",\"query-input\":\"required name=search_term_string\"}],\"inLanguage\":\"FR\"},{\"@type\":\"ImageObject\",\"@id\":\"http:\/\/phanarlegal.com\/about-us\/#primaryimage\",\"inLanguage\":\"FR\",\"url\":\"https:\/\/phanarlegal.com\/wp-content\/uploads\/2020\/09\/ban_about.png\",\"width\":1920,\"height\":568},{\"@type\":\"WebPage\",\"@id\":\"http:\/\/phanarlegal.com\/about-us\/#webpage\",\"url\":\"http:\/\/phanarlegal.com\/about-us\/\",\"name\":\"[:en]About Us[:fr]A PROPOS DE PHANAR[:de]\\u00dcber uns[:hu]Irod\\u00e1nk[:mn]\\u0411\\u0438\\u0434\\u043d\\u0438\\u0439 \\u0442\\u0443\\u0445\\u0430\\u0439[:ru]\\u041e \\u043d\\u0430\\u0441[:] - phanar\",\"isPartOf\":{\"@id\":\"https:\/\/phanarlegal.com\/fr\/#website\"},\"primaryImageOfPage\":{\"@id\":\"http:\/\/phanarlegal.com\/about-us\/#primaryimage\"},\"datePublished\":\"2020-09-03T08:03:56+00:00\",\"dateModified\":\"2020-09-15T11:32:18+00:00\",\"inLanguage\":\"FR\",\"potentialAction\":[{\"@type\":\"ReadAction\",\"target\":[\"http:\/\/phanarlegal.com\/about-us\/\"]}]}]}<\/script>\n<!-- \/ Yoast SEO plugin. -->","_links":{"self":[{"href":"https:\/\/phanarlegal.com\/fr\/wp-json\/wp\/v2\/pages\/10"}],"collection":[{"href":"https:\/\/phanarlegal.com\/fr\/wp-json\/wp\/v2\/pages"}],"about":[{"href":"https:\/\/phanarlegal.com\/fr\/wp-json\/wp\/v2\/types\/page"}],"author":[{"embeddable":true,"href":"https:\/\/phanarlegal.com\/fr\/wp-json\/wp\/v2\/users\/1"}],"replies":[{"embeddable":true,"href":"https:\/\/phanarlegal.com\/fr\/wp-json\/wp\/v2\/comments?post=10"}],"version-history":[{"count":12,"href":"https:\/\/phanarlegal.com\/fr\/wp-json\/wp\/v2\/pages\/10\/revisions"}],"predecessor-version":[{"id":185,"href":"https:\/\/phanarlegal.com\/fr\/wp-json\/wp\/v2\/pages\/10\/revisions\/185"}],"wp:featuredmedia":[{"embeddable":true,"href":"https:\/\/phanarlegal.com\/fr\/wp-json\/wp\/v2\/media\/28"}],"wp:attachment":[{"href":"https:\/\/phanarlegal.com\/fr\/wp-json\/wp\/v2\/media?parent=10"}],"curies":[{"name":"wp","href":"https:\/\/api.w.org\/{rel}","templated":true}]}}