{"id":16,"date":"2020-09-03T08:05:20","date_gmt":"2020-09-03T08:05:20","guid":{"rendered":"http:\/\/phanarlegal.com\/?page_id=16"},"modified":"2020-10-21T13:19:41","modified_gmt":"2020-10-21T13:19:41","slug":"our-services","status":"publish","type":"page","link":"https:\/\/phanarlegal.com\/de\/our-services\/","title":{"rendered":"UNSERE DIENSTLEISTUNGEN"},"content":{"rendered":"<h4>Preise<\/h4>\r\n<p>Die Rechtsanw\u00e4lte von Phanar arbeiten nicht nach Stundenverrechnung, unser Preismodell basiert auf einfachen, \u00fcbersichtlichen, monatlichen Festpreishonoraren aufgrund der Auftragspakete, was unseren Mandanten einen berechenbaren Kostenentwurf garantiert bzw. uns erm\u00f6glicht, unsere Cash-Flow bzw. Finanzideen selbst entwickeln und dadurch die Instandhaltungskosten bzw. die administrative Belastung unserer Anwaltskanzlei rationalisieren zu k\u00f6nnen.<\/p>\r\n<p>Wir k\u00f6nnen unser auf dem Markt absolut konkurrenzf\u00e4higes Partnermodell unseren Mandanten gew\u00e4hrleisten, indem die mit der verrichteten Stundenzahl der bei Phanar angestellten Rechtsanw\u00e4lte verbundenen Fixkosten im Gegensatz zu unseren Mitbewerbern in dem Anwaltshonorar nicht enthalten sind, dar\u00fcber hinaus haben wir keine kostspielige Infrastruktur bzw. Back Office. Jedoch k\u00f6nnen wir den Bed\u00fcrfnissen unserer Mandantschaft auch bei gr\u00f6\u00dferen Transaktionen gerecht werden, indem wir uns eine gro\u00dfe Menge an Hilfsarbeit (unter anderen bei Unternehmensgesch\u00e4ften, Due Diligence Pr\u00fcfungen, Ver\u00f6ffentlichungen, Beglaubigungen und Identifizierungen bzw. bei Finanzvereinbarungen das Monitoring der Voraussetzungen) externen juristischen Dienstleistern in Auftrag geben, die zum \u00d6kosystem von Phanar geh\u00f6ren und die f\u00fcr Phanar charakteristische Preisstandards bzw. Qualit\u00e4t befolgen.<\/p>","protected":false},"excerpt":{"rendered":"Preise Die Rechtsanw\u00e4lte von Phanar arbeiten nicht nach Stundenverrechnung, unser Preismodell basiert auf einfachen, \u00fcbersichtlichen, monatlichen Festpreishonoraren aufgrund der Auftragspakete, was unseren Mandanten einen berechenbaren Kostenentwurf garantiert bzw. uns erm\u00f6glicht, unsere Cash-Flow bzw. Finanzideen selbst entwickeln und dadurch die Instandhaltungskosten bzw. die administrative Belastung unserer Anwaltskanzlei rationalisieren zu k\u00f6nnen. Wir k\u00f6nnen unser auf dem Markt [&hellip;]","protected":false},"author":1,"featured_media":32,"parent":0,"menu_order":4,"comment_status":"closed","ping_status":"closed","template":"services_tmpl.php","meta":[],"yoast_head":"<!-- This site is optimized with the Yoast SEO plugin v14.9 - https:\/\/yoast.com\/wordpress\/plugins\/seo\/ -->\n<title>UNSERE DIENSTLEISTUNGEN - phanar<\/title>\n<meta name=\"robots\" content=\"index, follow, max-snippet:-1, max-image-preview:large, max-video-preview:-1\" \/>\n<link rel=\"canonical\" href=\"http:\/\/phanarlegal.com\/our-services\/\" \/>\n<meta property=\"og:locale\" content=\"en_US\" \/>\n<meta property=\"og:type\" content=\"article\" \/>\n<meta property=\"og:title\" content=\"UNSERE DIENSTLEISTUNGEN\" \/>\n<meta property=\"og:description\" content=\"Preise Die Rechtsanw\u00e4lte von Phanar arbeiten nicht nach Stundenverrechnung, unser Preismodell basiert auf einfachen, \u00fcbersichtlichen, monatlichen Festpreishonoraren aufgrund der Auftragspakete, was unseren Mandanten einen berechenbaren Kostenentwurf garantiert bzw. uns erm\u00f6glicht, unsere Cash-Flow bzw. Finanzideen selbst entwickeln und dadurch die Instandhaltungskosten bzw. die administrative Belastung unserer Anwaltskanzlei rationalisieren zu k\u00f6nnen. Wir k\u00f6nnen unser auf dem Markt [&hellip;]\" \/>\n<meta property=\"og:url\" content=\"http:\/\/phanarlegal.com\/our-services\/\" \/>\n<meta property=\"og:site_name\" content=\"phanar\" \/>\n<meta property=\"article:modified_time\" content=\"2020-10-21T13:19:41+00:00\" \/>\n<meta property=\"og:image\" content=\"https:\/\/phanarlegal.com\/wp-content\/uploads\/2020\/09\/ban_services.png\" \/>\n\t<meta property=\"og:image:width\" content=\"1920\" \/>\n\t<meta property=\"og:image:height\" content=\"568\" \/>\n<meta name=\"twitter:card\" content=\"summary_large_image\" \/>\n<script type=\"application\/ld+json\" class=\"yoast-schema-graph\">{\"@context\":\"https:\/\/schema.org\",\"@graph\":[{\"@type\":\"WebSite\",\"@id\":\"https:\/\/phanarlegal.com\/de\/#website\",\"url\":\"https:\/\/phanarlegal.com\/de\/\",\"name\":\"phanar\",\"description\":\"\",\"potentialAction\":[{\"@type\":\"SearchAction\",\"target\":\"https:\/\/phanarlegal.com\/de\/?s={search_term_string}\",\"query-input\":\"required name=search_term_string\"}],\"inLanguage\":\"DE\"},{\"@type\":\"ImageObject\",\"@id\":\"http:\/\/phanarlegal.com\/our-services\/#primaryimage\",\"inLanguage\":\"DE\",\"url\":\"https:\/\/phanarlegal.com\/wp-content\/uploads\/2020\/09\/ban_services.png\",\"width\":1920,\"height\":568},{\"@type\":\"WebPage\",\"@id\":\"http:\/\/phanarlegal.com\/our-services\/#webpage\",\"url\":\"http:\/\/phanarlegal.com\/our-services\/\",\"name\":\"[:en]Our Services[:fr]NOS SERVICES[:de]UNSERE DIENSTLEISTUNGEN[:hu]SZOLG\\u00c1LTAT\\u00c1SAINK[:mn]\\u041c\\u0410\\u041d\\u0410\\u0419 \\u04ae\\u0419\\u041b\\u0427\\u0418\\u041b\\u0413\\u042d\\u042d[:ru]\\u041d\\u0410\\u0428\\u0418 \\u0423\\u0421\\u041b\\u0423\\u0413\\u0418[:] - phanar\",\"isPartOf\":{\"@id\":\"https:\/\/phanarlegal.com\/de\/#website\"},\"primaryImageOfPage\":{\"@id\":\"http:\/\/phanarlegal.com\/our-services\/#primaryimage\"},\"datePublished\":\"2020-09-03T08:05:20+00:00\",\"dateModified\":\"2020-10-21T13:19:41+00:00\",\"inLanguage\":\"DE\",\"potentialAction\":[{\"@type\":\"ReadAction\",\"target\":[\"http:\/\/phanarlegal.com\/our-services\/\"]}]}]}<\/script>\n<!-- \/ Yoast SEO plugin. -->","_links":{"self":[{"href":"https:\/\/phanarlegal.com\/de\/wp-json\/wp\/v2\/pages\/16"}],"collection":[{"href":"https:\/\/phanarlegal.com\/de\/wp-json\/wp\/v2\/pages"}],"about":[{"href":"https:\/\/phanarlegal.com\/de\/wp-json\/wp\/v2\/types\/page"}],"author":[{"embeddable":true,"href":"https:\/\/phanarlegal.com\/de\/wp-json\/wp\/v2\/users\/1"}],"replies":[{"embeddable":true,"href":"https:\/\/phanarlegal.com\/de\/wp-json\/wp\/v2\/comments?post=16"}],"version-history":[{"count":20,"href":"https:\/\/phanarlegal.com\/de\/wp-json\/wp\/v2\/pages\/16\/revisions"}],"predecessor-version":[{"id":408,"href":"https:\/\/phanarlegal.com\/de\/wp-json\/wp\/v2\/pages\/16\/revisions\/408"}],"wp:featuredmedia":[{"embeddable":true,"href":"https:\/\/phanarlegal.com\/de\/wp-json\/wp\/v2\/media\/32"}],"wp:attachment":[{"href":"https:\/\/phanarlegal.com\/de\/wp-json\/wp\/v2\/media?parent=16"}],"curies":[{"name":"wp","href":"https:\/\/api.w.org\/{rel}","templated":true}]}}