{"id":12,"date":"2020-09-03T08:04:37","date_gmt":"2020-09-03T08:04:37","guid":{"rendered":"http:\/\/phanarlegal.com\/?page_id=12"},"modified":"2020-10-24T12:55:36","modified_gmt":"2020-10-24T12:55:36","slug":"our-team","status":"publish","type":"page","link":"https:\/\/phanarlegal.com\/de\/our-team\/","title":{"rendered":"Unser Team"},"content":{"rendered":"<p>Zu unserem Team geh\u00f6ren hoch qualifizierte und erfahrene Juristen. Unsere mitwirkenden Partner verf\u00fcgen gemeinsam \u00fcber mehr als f\u00fcnfzigj\u00e4hrige Erfahrung im juristischen Bereich, die sie w\u00e4hrend ihrer T\u00e4tigkeit im Vereinigten K\u00f6nigreich bzw. in anderen Rechtssysteme erworben haben.<\/p>","protected":false},"excerpt":{"rendered":"Zu unserem Team geh\u00f6ren hoch qualifizierte und erfahrene Juristen. Unsere mitwirkenden Partner verf\u00fcgen gemeinsam \u00fcber mehr als f\u00fcnfzigj\u00e4hrige Erfahrung im juristischen Bereich, die sie w\u00e4hrend ihrer T\u00e4tigkeit im Vereinigten K\u00f6nigreich bzw. in anderen Rechtssysteme erworben haben.","protected":false},"author":1,"featured_media":33,"parent":0,"menu_order":3,"comment_status":"closed","ping_status":"closed","template":"ourteam_tmpl.php","meta":[],"yoast_head":"<!-- This site is optimized with the Yoast SEO plugin v14.9 - https:\/\/yoast.com\/wordpress\/plugins\/seo\/ -->\n<title>Unser Team - phanar<\/title>\n<meta name=\"robots\" content=\"index, follow, max-snippet:-1, max-image-preview:large, max-video-preview:-1\" \/>\n<link rel=\"canonical\" href=\"http:\/\/phanarlegal.com\/our-team\/\" \/>\n<meta property=\"og:locale\" content=\"en_US\" \/>\n<meta property=\"og:type\" content=\"article\" \/>\n<meta property=\"og:title\" content=\"Unser Team\" \/>\n<meta property=\"og:description\" content=\"Zu unserem Team geh\u00f6ren hoch qualifizierte und erfahrene Juristen. Unsere mitwirkenden Partner verf\u00fcgen gemeinsam \u00fcber mehr als f\u00fcnfzigj\u00e4hrige Erfahrung im juristischen Bereich, die sie w\u00e4hrend ihrer T\u00e4tigkeit im Vereinigten K\u00f6nigreich bzw. in anderen Rechtssysteme erworben haben.\" \/>\n<meta property=\"og:url\" content=\"http:\/\/phanarlegal.com\/our-team\/\" \/>\n<meta property=\"og:site_name\" content=\"phanar\" \/>\n<meta property=\"article:modified_time\" content=\"2020-10-24T12:55:36+00:00\" \/>\n<meta property=\"og:image\" content=\"https:\/\/phanarlegal.com\/wp-content\/uploads\/2020\/09\/ban_team.png\" \/>\n\t<meta property=\"og:image:width\" content=\"1920\" \/>\n\t<meta property=\"og:image:height\" content=\"568\" \/>\n<meta name=\"twitter:card\" content=\"summary_large_image\" \/>\n<script type=\"application\/ld+json\" class=\"yoast-schema-graph\">{\"@context\":\"https:\/\/schema.org\",\"@graph\":[{\"@type\":\"WebSite\",\"@id\":\"https:\/\/phanarlegal.com\/de\/#website\",\"url\":\"https:\/\/phanarlegal.com\/de\/\",\"name\":\"phanar\",\"description\":\"\",\"potentialAction\":[{\"@type\":\"SearchAction\",\"target\":\"https:\/\/phanarlegal.com\/de\/?s={search_term_string}\",\"query-input\":\"required name=search_term_string\"}],\"inLanguage\":\"DE\"},{\"@type\":\"ImageObject\",\"@id\":\"http:\/\/phanarlegal.com\/our-team\/#primaryimage\",\"inLanguage\":\"DE\",\"url\":\"https:\/\/phanarlegal.com\/wp-content\/uploads\/2020\/09\/ban_team.png\",\"width\":1920,\"height\":568},{\"@type\":\"WebPage\",\"@id\":\"http:\/\/phanarlegal.com\/our-team\/#webpage\",\"url\":\"http:\/\/phanarlegal.com\/our-team\/\",\"name\":\"[:en]Our Team[:fr]Notre \\u00e9quipe[:de]Unser Team[:hu]Csapatunk[:mn]\\u041c\\u0430\\u043d\\u0430\\u0439 \\u0431\\u0430\\u0433[:ru]\\u041d\\u0430\\u0448\\u0430 \\u043a\\u043e\\u043c\\u0430\\u043d\\u0434\\u0430[:] - phanar\",\"isPartOf\":{\"@id\":\"https:\/\/phanarlegal.com\/de\/#website\"},\"primaryImageOfPage\":{\"@id\":\"http:\/\/phanarlegal.com\/our-team\/#primaryimage\"},\"datePublished\":\"2020-09-03T08:04:37+00:00\",\"dateModified\":\"2020-10-24T12:55:36+00:00\",\"inLanguage\":\"DE\",\"potentialAction\":[{\"@type\":\"ReadAction\",\"target\":[\"http:\/\/phanarlegal.com\/our-team\/\"]}]}]}<\/script>\n<!-- \/ Yoast SEO plugin. -->","_links":{"self":[{"href":"https:\/\/phanarlegal.com\/de\/wp-json\/wp\/v2\/pages\/12"}],"collection":[{"href":"https:\/\/phanarlegal.com\/de\/wp-json\/wp\/v2\/pages"}],"about":[{"href":"https:\/\/phanarlegal.com\/de\/wp-json\/wp\/v2\/types\/page"}],"author":[{"embeddable":true,"href":"https:\/\/phanarlegal.com\/de\/wp-json\/wp\/v2\/users\/1"}],"replies":[{"embeddable":true,"href":"https:\/\/phanarlegal.com\/de\/wp-json\/wp\/v2\/comments?post=12"}],"version-history":[{"count":52,"href":"https:\/\/phanarlegal.com\/de\/wp-json\/wp\/v2\/pages\/12\/revisions"}],"predecessor-version":[{"id":410,"href":"https:\/\/phanarlegal.com\/de\/wp-json\/wp\/v2\/pages\/12\/revisions\/410"}],"wp:featuredmedia":[{"embeddable":true,"href":"https:\/\/phanarlegal.com\/de\/wp-json\/wp\/v2\/media\/33"}],"wp:attachment":[{"href":"https:\/\/phanarlegal.com\/de\/wp-json\/wp\/v2\/media?parent=12"}],"curies":[{"name":"wp","href":"https:\/\/api.w.org\/{rel}","templated":true}]}}