{"id":10,"date":"2020-09-03T08:03:56","date_gmt":"2020-09-03T08:03:56","guid":{"rendered":"http:\/\/phanarlegal.com\/?page_id=10"},"modified":"2020-09-15T11:32:18","modified_gmt":"2020-09-15T11:32:18","slug":"about-us","status":"publish","type":"page","link":"https:\/\/phanarlegal.com\/de\/about-us\/","title":{"rendered":"\u00dcber uns"},"content":{"rendered":"<h2>Etymologie des Begriffs Phanar<\/h2>\r\n<p>Der Begriff Phanar kann aus dem griechischen Wort \u03a6\u03b1\u03bd\u03ac\u03c1\u03b9 abgeleitet werden, worunter man &#8220;Lampe&#8221;, &#8220;Licht&#8221; bzw. &#8220;Fackel&#8221; versteht und dessen Entsprechung \u0444\u043e\u043d\u0430\u0440\u044c [fon&#8217;arj] auch in den gro\u00dfrussischen bzw. ostslawischen Sprachen auftaucht und ebenso &#8220;Fackel&#8221; oder &#8220;Licht&#8221; bedeutet.<\/p>\r\n<h4>\u00dcber uns<\/h4>\r\n<p>Phanar ist eine bahnbrechende Anwaltskanzlei, wo juristische Dienstleistungen von h\u00f6chster Qualit\u00e4t bzw. kostensparende T\u00e4tigkeiten erzielt, aufeinander abgestimmt und zum Trend gemacht werden. W\u00e4hrend unserer fr\u00fcheren T\u00e4tigkeit haben wir erkannt, dass die in der Branche \u00fcbliche Stundenverrechnung weder die Effektivit\u00e4t noch die Qualit\u00e4t positiv beeinflusst.<\/p>\r\n<p>Zu unserer Mandantschaft geh\u00f6ren Firmen, die bei ihren Rechtsgesch\u00e4ften f\u00fcr die in der City of London bzw. international t\u00e4tigen Anwaltskanzleien charakteristische Fachkenntnisse von h\u00f6chster Qualit\u00e4t voraussetzen, und all das zu einem berechenbaren, konkurrenzf\u00e4higen Preis. Mit dem Festpreismodell ersparen wir unseren Kunden alle \u00fcberfl\u00fcssigen Ausgaben bzw. sind gleichzeitig zu einer disziplinierten Arbeitsorganisation gezwungen, wodurch wir kontinuierlich eine hohe Qualit\u00e4t von Dienstleistungen garantieren k\u00f6nnen.<\/p>\r\n<h4>Unsere Gesch\u00e4ftsphilosophie<\/h4>\r\n<p>Wir setzen nicht aufs einen vollst\u00e4ndigen Dienstleistungsportefeuille erzielende Gesch\u00e4ftsmodell, da es die Erh\u00f6hung der Fixkosten zur Folge hat, die dann bei den traditionellen Rechtsdienstleistern unabh\u00e4ngig von der \u00fcblichen Preisverrechnung auf die Kunden \u00fcbertragen wird. Unsere Firma orientiert sich hierzulande bzw. grenz\u00fcbergreifend an Handels- und Finanztransaktionen anpeilenden Rechtsgesch\u00e4ften, sowohl Privat- als auch b\u00f6rsennotierte Unternehmen betreffend. Alle anderen Anwaltsaufgaben, unter anderen in Bezug auf das Arbeits-, Eigentums- und Steuerrecht bzw. das Immaterialg\u00fcterrecht und die Prozessf\u00fchrung werden von hochqualifizierten Korrespondenzkanzleien und unabh\u00e4ngigen Anw\u00e4lten bzw. Wirtschaftstreuh\u00e4ndern zu einem g\u00fcnstigen Preis versehen, die in puncto Qualit\u00e4t und Festpreisverrechnung unsere Gesch\u00e4ftsphilosophie befolgen.<\/p>\r\n<p>Wir sind uns dessen sicher, dass sich die Zeit und die Energie, die wir in die Schaffung einer mit unseren Kunden bzw. unseren Dienstleistern erzielten langfristigen Zusammenarbeit investieren, sich lohnen wird. Egal, ob es sich um weitere Bereiche des Englischen Rechts (z.B. um das Arbeits-, Eigentums- und Steuerrecht bzw. das Immaterialg\u00fcterrecht), internationale Transaktionen oder Finanz- bzw. Rechnungsf\u00fchrungsauftr\u00e4ge handelt, engagieren wir uns f\u00fcr L\u00f6sungen, mit deren Hilfe unsere Mandantschaft von unserem weltweiten Netzwerk vorteilhaft profitieren k\u00f6nnen.<\/p>","protected":false},"excerpt":{"rendered":"Etymologie des Begriffs Phanar Der Begriff Phanar kann aus dem griechischen Wort \u03a6\u03b1\u03bd\u03ac\u03c1\u03b9 abgeleitet werden, worunter man &#8220;Lampe&#8221;, &#8220;Licht&#8221; bzw. &#8220;Fackel&#8221; versteht und dessen Entsprechung \u0444\u043e\u043d\u0430\u0440\u044c [fon&#8217;arj] auch in den gro\u00dfrussischen bzw. ostslawischen Sprachen auftaucht und ebenso &#8220;Fackel&#8221; oder &#8220;Licht&#8221; bedeutet. \u00dcber uns Phanar ist eine bahnbrechende Anwaltskanzlei, wo juristische Dienstleistungen von h\u00f6chster Qualit\u00e4t bzw. [&hellip;]","protected":false},"author":1,"featured_media":28,"parent":0,"menu_order":2,"comment_status":"closed","ping_status":"closed","template":"aboutus_tmpl.php","meta":[],"yoast_head":"<!-- This site is optimized with the Yoast SEO plugin v14.9 - https:\/\/yoast.com\/wordpress\/plugins\/seo\/ -->\n<title>\u00dcber uns - phanar<\/title>\n<meta name=\"robots\" content=\"index, follow, max-snippet:-1, max-image-preview:large, max-video-preview:-1\" \/>\n<link rel=\"canonical\" href=\"http:\/\/phanarlegal.com\/about-us\/\" \/>\n<meta property=\"og:locale\" content=\"en_US\" \/>\n<meta property=\"og:type\" content=\"article\" \/>\n<meta property=\"og:title\" content=\"\u00dcber uns\" \/>\n<meta property=\"og:description\" content=\"Etymologie des Begriffs Phanar Der Begriff Phanar kann aus dem griechischen Wort \u03a6\u03b1\u03bd\u03ac\u03c1\u03b9 abgeleitet werden, worunter man &#8220;Lampe&#8221;, &#8220;Licht&#8221; bzw. &#8220;Fackel&#8221; versteht und dessen Entsprechung \u0444\u043e\u043d\u0430\u0440\u044c [fon&#8217;arj] auch in den gro\u00dfrussischen bzw. ostslawischen Sprachen auftaucht und ebenso &#8220;Fackel&#8221; oder &#8220;Licht&#8221; bedeutet. \u00dcber uns Phanar ist eine bahnbrechende Anwaltskanzlei, wo juristische Dienstleistungen von h\u00f6chster Qualit\u00e4t bzw. [&hellip;]\" \/>\n<meta property=\"og:url\" content=\"http:\/\/phanarlegal.com\/about-us\/\" \/>\n<meta property=\"og:site_name\" content=\"phanar\" \/>\n<meta property=\"article:modified_time\" content=\"2020-09-15T11:32:18+00:00\" \/>\n<meta property=\"og:image\" content=\"https:\/\/phanarlegal.com\/wp-content\/uploads\/2020\/09\/ban_about.png\" \/>\n\t<meta property=\"og:image:width\" content=\"1920\" \/>\n\t<meta property=\"og:image:height\" content=\"568\" \/>\n<meta name=\"twitter:card\" content=\"summary_large_image\" \/>\n<script type=\"application\/ld+json\" class=\"yoast-schema-graph\">{\"@context\":\"https:\/\/schema.org\",\"@graph\":[{\"@type\":\"WebSite\",\"@id\":\"https:\/\/phanarlegal.com\/de\/#website\",\"url\":\"https:\/\/phanarlegal.com\/de\/\",\"name\":\"phanar\",\"description\":\"\",\"potentialAction\":[{\"@type\":\"SearchAction\",\"target\":\"https:\/\/phanarlegal.com\/de\/?s={search_term_string}\",\"query-input\":\"required name=search_term_string\"}],\"inLanguage\":\"DE\"},{\"@type\":\"ImageObject\",\"@id\":\"http:\/\/phanarlegal.com\/about-us\/#primaryimage\",\"inLanguage\":\"DE\",\"url\":\"https:\/\/phanarlegal.com\/wp-content\/uploads\/2020\/09\/ban_about.png\",\"width\":1920,\"height\":568},{\"@type\":\"WebPage\",\"@id\":\"http:\/\/phanarlegal.com\/about-us\/#webpage\",\"url\":\"http:\/\/phanarlegal.com\/about-us\/\",\"name\":\"[:en]About Us[:fr]A PROPOS DE PHANAR[:de]\\u00dcber uns[:hu]Irod\\u00e1nk[:mn]\\u0411\\u0438\\u0434\\u043d\\u0438\\u0439 \\u0442\\u0443\\u0445\\u0430\\u0439[:ru]\\u041e \\u043d\\u0430\\u0441[:] - phanar\",\"isPartOf\":{\"@id\":\"https:\/\/phanarlegal.com\/de\/#website\"},\"primaryImageOfPage\":{\"@id\":\"http:\/\/phanarlegal.com\/about-us\/#primaryimage\"},\"datePublished\":\"2020-09-03T08:03:56+00:00\",\"dateModified\":\"2020-09-15T11:32:18+00:00\",\"inLanguage\":\"DE\",\"potentialAction\":[{\"@type\":\"ReadAction\",\"target\":[\"http:\/\/phanarlegal.com\/about-us\/\"]}]}]}<\/script>\n<!-- \/ Yoast SEO plugin. -->","_links":{"self":[{"href":"https:\/\/phanarlegal.com\/de\/wp-json\/wp\/v2\/pages\/10"}],"collection":[{"href":"https:\/\/phanarlegal.com\/de\/wp-json\/wp\/v2\/pages"}],"about":[{"href":"https:\/\/phanarlegal.com\/de\/wp-json\/wp\/v2\/types\/page"}],"author":[{"embeddable":true,"href":"https:\/\/phanarlegal.com\/de\/wp-json\/wp\/v2\/users\/1"}],"replies":[{"embeddable":true,"href":"https:\/\/phanarlegal.com\/de\/wp-json\/wp\/v2\/comments?post=10"}],"version-history":[{"count":12,"href":"https:\/\/phanarlegal.com\/de\/wp-json\/wp\/v2\/pages\/10\/revisions"}],"predecessor-version":[{"id":185,"href":"https:\/\/phanarlegal.com\/de\/wp-json\/wp\/v2\/pages\/10\/revisions\/185"}],"wp:featuredmedia":[{"embeddable":true,"href":"https:\/\/phanarlegal.com\/de\/wp-json\/wp\/v2\/media\/28"}],"wp:attachment":[{"href":"https:\/\/phanarlegal.com\/de\/wp-json\/wp\/v2\/media?parent=10"}],"curies":[{"name":"wp","href":"https:\/\/api.w.org\/{rel}","templated":true}]}}